{"id":186,"date":"2017-08-08T13:36:42","date_gmt":"2017-08-08T11:36:42","guid":{"rendered":"https:\/\/gerryweber-rackets.de\/?page_id=186"},"modified":"2020-05-18T09:58:49","modified_gmt":"2020-05-18T07:58:49","slug":"186-2","status":"publish","type":"page","link":"https:\/\/ravensberger-squash-club.de\/?page_id=186","title":{"rendered":"Beitritt \/ Satzung"},"content":{"rendered":"<div id=\"c127\" class=\"csc-frame csc-frame-rulerAfter\">\n<div class=\"csc-header csc-header-n1\">\n<h4 class=\"csc-firstHeader\"><span style=\"color: #ff0000;\">Antragsformular zum Clubbeitritt (Stand 1\/2019)<\/span><\/h4>\n<\/div>\n<p>Wir freuen uns nat\u00fcrlich sehr wenn ihr unseren Verein durch eine Mitgliedschaft unterst\u00fctzt.<\/p>\n<p class=\"bodytext\">Dazu am besten gleich den Aufnahmeantrag\u00a0herunterladen, ausdrucken,\u00a0 ausf\u00fcllen und zum n\u00e4chsten Trainingstag mit in den Sportpark mitbringen.<\/p>\n<\/div>\n<div id=\"c133\" class=\"csc-frame csc-frame-rulerAfter\">\n<div class=\"csc-header csc-header-n2\">\n<h2 style=\"text-align: center;\"><a href=\"https:\/\/ravensberger-squash-club.de\/wp-content\/uploads\/2020\/03\/Aufnahmeantrag-2020.pdf\"><span style=\"color: #ff0000;\">Aufnahmeantrag Download<\/span><\/a><\/h2>\n<\/div>\n<p>Schon kann&#8217;s losgehen.<\/p>\n<div class=\"csc-header csc-header-n2\">\n<hr \/>\n<h4><span style=\"color: #ff0000;\">Unsere Beitr\u00e4ge<\/span><\/h4>\n<\/div>\n<p><b>Aktive Mitgliedschaft, Monatsbeitr\u00e4ge\u00a0 :<\/b><\/p>\n<\/div>\n<div class=\"csc-frame csc-frame-rulerAfter\">\n<p class=\"bodytext\">Erwachsene \u20ac 29,00<\/p>\n<p class=\"bodytext\">Ehepaare \u20ac 55,00<\/p>\n<p class=\"bodytext\">Studenten, Azubis, Arbeitslose \u20ac 22,50<\/p>\n<p class=\"bodytext\">Jugendliche bis 18 Jahre \u20ac 10,00<\/p>\n<p class=\"bodytext\">Eine Aufnahmegeb\u00fchr wird zur Zeit nicht erhoben.<\/p>\n<hr \/>\n<p class=\"bodytext\"><b>Passive Mitgliedschaft,\u00a0 Monatsbeitrag \u20ac 3,00<\/b><\/p>\n<p class=\"bodytext\">&#8222;Passive Mitglieder&#8220; haben jederzeit das Recht an allen Veranstaltungen teilzunehmen.<\/p>\n<p class=\"bodytext\">Wer an einem Trainingstag teilnimmt, zahlt dann\u00a0 \u20ac 8,00.<\/p>\n<p class=\"bodytext\">(dieses ist bis zu 5x pro Jahr m\u00f6glich)<\/p>\n<p class=\"bodytext\"><strong>Gastspieler<\/strong> zahlen ebenfalls \u20ac 8,00 pro Spieltag. 1. Probetraining kostenlos.<\/p>\n<\/div>\n<div id=\"c133\" class=\"csc-frame csc-frame-rulerAfter\">\n<p class=\"bodytext\">F\u00fcr Jugendliche ist ein Probetraining bis 5 x kostenlos.<\/p>\n<p class=\"bodytext\">Im Anschluss ist f\u00fcr alle Gruppen ein Vereinsbeitritt erforderlich.<\/p>\n<\/div>\n<div id=\"c134\" class=\"csc-default\">\n<div class=\"csc-header csc-header-n3\">\n<hr \/>\n<h4><span style=\"color: #ff0000;\">Unsere Vereins &#8211; Satzung<\/span><\/h4>\n<\/div>\n<p class=\"bodytext\">&#8222;Das Kleingedruckte&#8220; darf nt\u00fcrlich nicht fehlen.\u00a0 Als offiziell registrierter &#8222;e.V.&#8220; haben wir verpflichtend eine Satzung , die wir euch hier zur Verf\u00fcgung stellen :<\/p>\n<h2 style=\"text-align: center;\"><a href=\"https:\/\/ravensberger-squash-club.de\/wp-content\/uploads\/2020\/05\/Aktuelle-Satzung-29.10.2019.pdf\">Aktuelle Satzung 29.10.2019<\/a><\/h2>\n<\/div>\n","protected":false},"excerpt":{"rendered":"<p>Antragsformular zum Clubbeitritt (Stand 1\/2019) Wir freuen uns nat\u00fcrlich sehr wenn ihr unseren Verein durch eine Mitgliedschaft unterst\u00fctzt. Dazu am besten gleich den Aufnahmeantrag\u00a0herunterladen, ausdrucken,\u00a0 ausf\u00fcllen und zum n\u00e4chsten Trainingstag mit in den Sportpark mitbringen. Aufnahmeantrag Download Schon kann&#8217;s losgehen. Unsere Beitr\u00e4ge Aktive Mitgliedschaft, Monatsbeitr\u00e4ge\u00a0 : Erwachsene \u20ac 29,00 Ehepaare \u20ac 55,00 Studenten, Azubis, Arbeitslose \u20ac 22,50 Jugendliche bis 18&#8230; <a href=\"https:\/\/ravensberger-squash-club.de\/?page_id=186\">Mehr &raquo;<\/a><\/p>\n","protected":false},"author":10,"featured_media":0,"parent":0,"menu_order":0,"comment_status":"closed","ping_status":"closed","template":"","meta":{"footnotes":""},"class_list":["post-186","page","type-page","status-publish","hentry"],"publishpress_future_action":{"enabled":false,"date":"2026-04-28 12:51:18","action":"change-status","newStatus":"draft","terms":[],"taxonomy":"","extraData":[]},"publishpress_future_workflow_manual_trigger":{"enabledWorkflows":[]},"_links":{"self":[{"href":"https:\/\/ravensberger-squash-club.de\/index.php?rest_route=\/wp\/v2\/pages\/186","targetHints":{"allow":["GET"]}}],"collection":[{"href":"https:\/\/ravensberger-squash-club.de\/index.php?rest_route=\/wp\/v2\/pages"}],"about":[{"href":"https:\/\/ravensberger-squash-club.de\/index.php?rest_route=\/wp\/v2\/types\/page"}],"author":[{"embeddable":true,"href":"https:\/\/ravensberger-squash-club.de\/index.php?rest_route=\/wp\/v2\/users\/10"}],"replies":[{"embeddable":true,"href":"https:\/\/ravensberger-squash-club.de\/index.php?rest_route=%2Fwp%2Fv2%2Fcomments&post=186"}],"version-history":[{"count":15,"href":"https:\/\/ravensberger-squash-club.de\/index.php?rest_route=\/wp\/v2\/pages\/186\/revisions"}],"predecessor-version":[{"id":1109,"href":"https:\/\/ravensberger-squash-club.de\/index.php?rest_route=\/wp\/v2\/pages\/186\/revisions\/1109"}],"wp:attachment":[{"href":"https:\/\/ravensberger-squash-club.de\/index.php?rest_route=%2Fwp%2Fv2%2Fmedia&parent=186"}],"curies":[{"name":"wp","href":"https:\/\/api.w.org\/{rel}","templated":true}]}}